{"id":381,"date":"2023-02-27T09:28:31","date_gmt":"2023-02-27T09:28:31","guid":{"rendered":"https:\/\/see-solutions.com\/ingenieria\/"},"modified":"2023-04-23T07:45:02","modified_gmt":"2023-04-23T07:45:02","slug":"enginyeria","status":"publish","type":"page","link":"https:\/\/see-solutions.com\/ca\/enginyeria\/","title":{"rendered":"Enginyeria"},"content":{"rendered":"<div class=\"wpb-content-wrapper\">[vc_row full_width=&#8221;stretch_row&#8221; content_placement=&#8221;middle&#8221; wpex_bg_overlay=&#8221;dark&#8221; remove_bottom_col_margin=&#8221;true&#8221; typography_style=&#8221;white&#8221; wpex_bg_overlay_color=&#8221;#000000&#8243; css=&#8221;.vc_custom_1677490202353{padding-top: 12% !important;padding-bottom: 10% !important;background-image: url(https:\/\/see-solutions.com\/wp-content\/uploads\/2023\/02\/licencias-actividad-see-solutions-scaled.jpg?id=174) !important;background-position: center !important;background-repeat: no-repeat !important;background-size: cover !important;}&#8221;][vc_column][vc_column_text]\n<h1 style=\"text-align: center;\">Enginyeria<\/h1>\n<p style=\"text-align: center;\">La soluci\u00f3 adequada per a cada situaci\u00f3<\/p>\n[\/vc_column_text][vc_icon icon_fontawesome=&#8221;fas fa-chevron-down&#8221; color=&#8221;white&#8221; size=&#8221;sm&#8221; align=&#8221;center&#8221; css=&#8221;.vc_custom_1677490187711{margin-bottom: 0px !important;padding-bottom: 0px !important;}&#8221;][\/vc_column][\/vc_row][vc_row css=&#8221;.vc_custom_1677490136087{padding-top: 5% !important;padding-bottom: 5% !important;}&#8221;][vc_column width=&#8221;1\/6&#8243;][\/vc_column][vc_column width=&#8221;2\/3&#8243;][vc_column_text]\n<h3 style=\"text-align: center;\"><strong>La soluci\u00f3 adequada per a cada situaci\u00f3<br \/>\n<\/strong><\/h3>\n<p style=\"text-align: center;\"><strong>SEE Solutions<\/strong> li ofereix un servei <strong>d&#8217;enginyeria integral<\/strong>, amb personal especialitzat en diversos \u00e0mbits i a mida del que vost\u00e8 o la seva activitat necessita.<\/p>\n<p style=\"text-align: center;\">Estudiem les seves necessitats i l&#8217;assessorem de forma directa, senzilla i eficient per tal d&#8217;aconseguir solucions satisfact\u00f2ries.<\/p>\n[\/vc_column_text][vc_icon icon_fontawesome=&#8221;fas fa-chevron-down&#8221; color=&#8221;black&#8221; size=&#8221;sm&#8221; align=&#8221;center&#8221; css=&#8221;.vc_custom_1677751360567{margin-bottom: 0px !important;padding-bottom: 0px !important;}&#8221;][\/vc_column][vc_column width=&#8221;1\/6&#8243;][\/vc_column][\/vc_row][vc_row content_placement=&#8221;middle&#8221;][vc_column width=&#8221;5\/12&#8243;][vc_single_image image=&#8221;267&#8243;][\/vc_column][vc_column width=&#8221;7\/12&#8243;][vc_column_text]\n<h3><strong>llic\u00e8ncies d&#8217;activitat<\/strong><\/h3>\n<h4>Facilitem l&#8217;obertura de la seva activitat<\/h4>\n<p>La llic\u00e8ncia d&#8217;activitat o llic\u00e8ncia mediambiental \u00e9s l&#8217;<strong>autoritzaci\u00f3 de l&#8217;administraci\u00f3<\/strong>, generalment el perm\u00eds de l&#8217;ajuntament, necess\u00e0ria per a qualsevol establiment on es vulgui exercir una activitat comercial, industrial o de serveis. Aquesta llic\u00e8ncia s&#8217;aconsegueix quan es pot acreditar el compliment de les condicions t\u00e8cniques de seguretat per als seus usuaris, les condicions sanit\u00e0ries (quan \u00e9s el cas) i les condicions sectorials que li sigui d&#8217;aplicaci\u00f3 a aquesta activitat.[\/vc_column_text]<div class=\"vcex-spacing wpex-w-100 wpex-clear\" style=\"height:20px;\"><\/div><a href=\"#informacion\" class=\"vcex-button theme-button inline informacionprecios local-scroll-link\"><span class=\"vcex-button-inner theme-button-inner wpex-flex wpex-flex-wrap wpex-items-center wpex-justify-center\">sol\u00b7licitar pressupost<span class=\"vcex-button-icon vcex-icon-wrap theme-button-icon-right\"><span class=\"wpex-icon wpex-icon--bidi\" aria-hidden=\"true\"><svg xmlns=\"http:\/\/www.w3.org\/2000\/svg\" viewBox=\"0 0 320 512\"><path d=\"M278.6 233.4c12.5 12.5 12.5 32.8 0 45.3l-160 160c-12.5 12.5-32.8 12.5-45.3 0s-12.5-32.8 0-45.3L210.7 256 73.4 118.6c-12.5-12.5-12.5-32.8 0-45.3s32.8-12.5 45.3 0l160 160z\"\/><\/svg><\/span><\/span><\/span><\/a> [\/vc_column][\/vc_row][vc_row][vc_column][vc_separator][\/vc_column][\/vc_row][vc_row content_placement=&#8221;middle&#8221;][vc_column width=&#8221;5\/12&#8243;][vc_single_image image=&#8221;268&#8243;][\/vc_column][vc_column width=&#8221;7\/12&#8243;][vc_column_text]\n<h3><strong>Projectes i legalitzacions<\/strong><\/h3>\n<h4>La seguretat que les seves instal\u00b7lacions compleixen amb totes les normatives<\/h4>\n<p>Un <strong>Projecte T\u00e8cnic<\/strong> \u00e9s el conjunt de documentaci\u00f3 utilitzada per a definir les condicions d&#8217;una obra, fabricaci\u00f3, muntatge, instal\u00b7laci\u00f3 o m\u00e0quina.<\/p>\n<p>Estudiem la viabilitat del seu projecte tant des del punt de vista t\u00e8cnic-funcional com normatiu valorant, sobretot, l&#8217;adaptaci\u00f3 a les seves necessitats reals.[\/vc_column_text]<div class=\"vcex-spacing wpex-w-100 wpex-clear\" style=\"height:20px;\"><\/div><a href=\"#informacion\" class=\"vcex-button theme-button inline informacionprecios local-scroll-link\"><span class=\"vcex-button-inner theme-button-inner wpex-flex wpex-flex-wrap wpex-items-center wpex-justify-center\">sol\u00b7licitar pressupost<span class=\"vcex-button-icon vcex-icon-wrap theme-button-icon-right\"><span class=\"wpex-icon wpex-icon--bidi\" aria-hidden=\"true\"><svg xmlns=\"http:\/\/www.w3.org\/2000\/svg\" viewBox=\"0 0 320 512\"><path d=\"M278.6 233.4c12.5 12.5 12.5 32.8 0 45.3l-160 160c-12.5 12.5-32.8 12.5-45.3 0s-12.5-32.8 0-45.3L210.7 256 73.4 118.6c-12.5-12.5-12.5-32.8 0-45.3s32.8-12.5 45.3 0l160 160z\"\/><\/svg><\/span><\/span><\/span><\/a> [\/vc_column][\/vc_row]\n<\/div>","protected":false},"excerpt":{"rendered":"<p>[vc_row full_width=&#8221;stretch_row&#8221; content_placement=&#8221;middle&#8221; wpex_bg_overlay=&#8221;dark&#8221; remove_bottom_col_margin=&#8221;true&#8221; typography_style=&#8221;white&#8221; wpex_bg_overlay_color=&#8221;#000000&#8243; css=&#8221;.vc_custom_1677490202353{padding-top: 12% !important;padding-bottom: 10% !important;background-image: url(https:\/\/see-solutions.com\/wp-content\/uploads\/2023\/02\/licencias-actividad-see-solutions-scaled.jpg?id=174) !important;background-position: center !important;background-repeat: no-repeat !important;background-size: cover !important;}&#8221;][vc_column][vc_column_text] Enginyeria La soluci\u00f3 adequada per a cada situaci\u00f3 [\/vc_column_text][vc_icon icon_fontawesome=&#8221;fas fa-chevron-down&#8221; color=&#8221;white&#8221; size=&#8221;sm&#8221; align=&#8221;center&#8221; css=&#8221;.vc_custom_1677490187711{margin-bottom: 0px !important;padding-bottom: 0px !important;}&#8221;][\/vc_column][\/vc_row][vc_row css=&#8221;.vc_custom_1677490136087{padding-top: 5% !important;padding-bottom: 5% !important;}&#8221;][vc_column width=&#8221;1\/6&#8243;][\/vc_column][vc_column width=&#8221;2\/3&#8243;][vc_column_text] La soluci\u00f3 adequada per a cada situaci\u00f3 SEE Solutions&hellip;<\/p>\n","protected":false},"author":1,"featured_media":348,"parent":0,"menu_order":0,"comment_status":"closed","ping_status":"closed","template":"","meta":{"footnotes":""},"class_list":["post-381","page","type-page","status-publish","has-post-thumbnail","hentry","entry","has-media"],"yoast_head":"<!-- This site is optimized with the Yoast SEO plugin v26.8 - https:\/\/yoast.com\/product\/yoast-seo-wordpress\/ -->\n<title>Enginyeria - See Solutions<\/title>\n<meta name=\"robots\" content=\"index, follow, max-snippet:-1, max-image-preview:large, max-video-preview:-1\" \/>\n<link rel=\"canonical\" href=\"https:\/\/see-solutions.com\/ca\/enginyeria\/\" \/>\n<meta property=\"og:locale\" content=\"ca_ES\" \/>\n<meta property=\"og:type\" content=\"article\" \/>\n<meta property=\"og:title\" content=\"Enginyeria - See Solutions\" \/>\n<meta property=\"og:description\" content=\"[vc_row full_width=&#8221;stretch_row&#8221; content_placement=&#8221;middle&#8221; wpex_bg_overlay=&#8221;dark&#8221; remove_bottom_col_margin=&#8221;true&#8221; typography_style=&#8221;white&#8221; wpex_bg_overlay_color=&#8221;#000000&#8243; css=&#8221;.vc_custom_1677490202353{padding-top: 12% !important;padding-bottom: 10% !important;background-image: url(https:\/\/see-solutions.com\/wp-content\/uploads\/2023\/02\/licencias-actividad-see-solutions-scaled.jpg?id=174) !important;background-position: center !important;background-repeat: no-repeat !important;background-size: cover !important;}&#8221;][vc_column][vc_column_text] Enginyeria La soluci\u00f3 adequada per a cada situaci\u00f3 [\/vc_column_text][vc_icon icon_fontawesome=&#8221;fas fa-chevron-down&#8221; color=&#8221;white&#8221; size=&#8221;sm&#8221; align=&#8221;center&#8221; css=&#8221;.vc_custom_1677490187711{margin-bottom: 0px !important;padding-bottom: 0px !important;}&#8221;][\/vc_column][\/vc_row][vc_row css=&#8221;.vc_custom_1677490136087{padding-top: 5% !important;padding-bottom: 5% !important;}&#8221;][vc_column width=&#8221;1\/6&#8243;][\/vc_column][vc_column width=&#8221;2\/3&#8243;][vc_column_text] La soluci\u00f3 adequada per a cada situaci\u00f3 SEE Solutions&hellip;\" \/>\n<meta property=\"og:url\" content=\"https:\/\/see-solutions.com\/ca\/enginyeria\/\" \/>\n<meta property=\"og:site_name\" content=\"See Solutions\" \/>\n<meta property=\"article:modified_time\" content=\"2023-04-23T07:45:02+00:00\" \/>\n<meta name=\"twitter:card\" content=\"summary_large_image\" \/>\n<meta name=\"twitter:label1\" content=\"Temps estimat de lectura\" \/>\n\t<meta name=\"twitter:data1\" content=\"2 minuts\" \/>\n<script type=\"application\/ld+json\" class=\"yoast-schema-graph\">{\"@context\":\"https:\/\/schema.org\",\"@graph\":[{\"@type\":\"WebPage\",\"@id\":\"https:\/\/see-solutions.com\/ca\/enginyeria\/\",\"url\":\"https:\/\/see-solutions.com\/ca\/enginyeria\/\",\"name\":\"Enginyeria - See Solutions\",\"isPartOf\":{\"@id\":\"https:\/\/see-solutions.com\/#website\"},\"primaryImageOfPage\":{\"@id\":\"https:\/\/see-solutions.com\/ca\/enginyeria\/#primaryimage\"},\"image\":{\"@id\":\"https:\/\/see-solutions.com\/ca\/enginyeria\/#primaryimage\"},\"thumbnailUrl\":\"https:\/\/see-solutions.com\/wp-content\/uploads\/2023\/03\/see-solutions-proyectos-legalizaciones.jpg\",\"datePublished\":\"2023-02-27T09:28:31+00:00\",\"dateModified\":\"2023-04-23T07:45:02+00:00\",\"breadcrumb\":{\"@id\":\"https:\/\/see-solutions.com\/ca\/enginyeria\/#breadcrumb\"},\"inLanguage\":\"ca\",\"potentialAction\":[{\"@type\":\"ReadAction\",\"target\":[\"https:\/\/see-solutions.com\/ca\/enginyeria\/\"]}]},{\"@type\":\"ImageObject\",\"inLanguage\":\"ca\",\"@id\":\"https:\/\/see-solutions.com\/ca\/enginyeria\/#primaryimage\",\"url\":\"https:\/\/see-solutions.com\/wp-content\/uploads\/2023\/03\/see-solutions-proyectos-legalizaciones.jpg\",\"contentUrl\":\"https:\/\/see-solutions.com\/wp-content\/uploads\/2023\/03\/see-solutions-proyectos-legalizaciones.jpg\",\"width\":1600,\"height\":1200,\"caption\":\"Ingenier\u00eda - Servicios de Ingenier\u00eda\"},{\"@type\":\"BreadcrumbList\",\"@id\":\"https:\/\/see-solutions.com\/ca\/enginyeria\/#breadcrumb\",\"itemListElement\":[{\"@type\":\"ListItem\",\"position\":1,\"name\":\"Home\",\"item\":\"https:\/\/see-solutions.com\/ca\/\"},{\"@type\":\"ListItem\",\"position\":2,\"name\":\"Enginyeria\"}]},{\"@type\":\"WebSite\",\"@id\":\"https:\/\/see-solutions.com\/#website\",\"url\":\"https:\/\/see-solutions.com\/\",\"name\":\"See Solutions\",\"description\":\"\",\"publisher\":{\"@id\":\"https:\/\/see-solutions.com\/#organization\"},\"potentialAction\":[{\"@type\":\"SearchAction\",\"target\":{\"@type\":\"EntryPoint\",\"urlTemplate\":\"https:\/\/see-solutions.com\/?s={search_term_string}\"},\"query-input\":{\"@type\":\"PropertyValueSpecification\",\"valueRequired\":true,\"valueName\":\"search_term_string\"}}],\"inLanguage\":\"ca\"},{\"@type\":\"Organization\",\"@id\":\"https:\/\/see-solutions.com\/#organization\",\"name\":\"See Solutions\",\"url\":\"https:\/\/see-solutions.com\/\",\"logo\":{\"@type\":\"ImageObject\",\"inLanguage\":\"ca\",\"@id\":\"https:\/\/see-solutions.com\/#\/schema\/logo\/image\/\",\"url\":\"https:\/\/see-solutions.com\/wp-content\/uploads\/2023\/01\/LOGO-SEESOLUTIONS-10-anys-1.jpg\",\"contentUrl\":\"https:\/\/see-solutions.com\/wp-content\/uploads\/2023\/01\/LOGO-SEESOLUTIONS-10-anys-1.jpg\",\"width\":2274,\"height\":1708,\"caption\":\"See Solutions\"},\"image\":{\"@id\":\"https:\/\/see-solutions.com\/#\/schema\/logo\/image\/\"}}]}<\/script>\n<!-- \/ Yoast SEO plugin. -->","yoast_head_json":{"title":"Enginyeria - See Solutions","robots":{"index":"index","follow":"follow","max-snippet":"max-snippet:-1","max-image-preview":"max-image-preview:large","max-video-preview":"max-video-preview:-1"},"canonical":"https:\/\/see-solutions.com\/ca\/enginyeria\/","og_locale":"ca_ES","og_type":"article","og_title":"Enginyeria - See Solutions","og_description":"[vc_row full_width=&#8221;stretch_row&#8221; content_placement=&#8221;middle&#8221; wpex_bg_overlay=&#8221;dark&#8221; remove_bottom_col_margin=&#8221;true&#8221; typography_style=&#8221;white&#8221; wpex_bg_overlay_color=&#8221;#000000&#8243; css=&#8221;.vc_custom_1677490202353{padding-top: 12% !important;padding-bottom: 10% !important;background-image: url(https:\/\/see-solutions.com\/wp-content\/uploads\/2023\/02\/licencias-actividad-see-solutions-scaled.jpg?id=174) !important;background-position: center !important;background-repeat: no-repeat !important;background-size: cover !important;}&#8221;][vc_column][vc_column_text] Enginyeria La soluci\u00f3 adequada per a cada situaci\u00f3 [\/vc_column_text][vc_icon icon_fontawesome=&#8221;fas fa-chevron-down&#8221; color=&#8221;white&#8221; size=&#8221;sm&#8221; align=&#8221;center&#8221; css=&#8221;.vc_custom_1677490187711{margin-bottom: 0px !important;padding-bottom: 0px !important;}&#8221;][\/vc_column][\/vc_row][vc_row css=&#8221;.vc_custom_1677490136087{padding-top: 5% !important;padding-bottom: 5% !important;}&#8221;][vc_column width=&#8221;1\/6&#8243;][\/vc_column][vc_column width=&#8221;2\/3&#8243;][vc_column_text] La soluci\u00f3 adequada per a cada situaci\u00f3 SEE Solutions&hellip;","og_url":"https:\/\/see-solutions.com\/ca\/enginyeria\/","og_site_name":"See Solutions","article_modified_time":"2023-04-23T07:45:02+00:00","twitter_card":"summary_large_image","twitter_misc":{"Temps estimat de lectura":"2 minuts"},"schema":{"@context":"https:\/\/schema.org","@graph":[{"@type":"WebPage","@id":"https:\/\/see-solutions.com\/ca\/enginyeria\/","url":"https:\/\/see-solutions.com\/ca\/enginyeria\/","name":"Enginyeria - See Solutions","isPartOf":{"@id":"https:\/\/see-solutions.com\/#website"},"primaryImageOfPage":{"@id":"https:\/\/see-solutions.com\/ca\/enginyeria\/#primaryimage"},"image":{"@id":"https:\/\/see-solutions.com\/ca\/enginyeria\/#primaryimage"},"thumbnailUrl":"https:\/\/see-solutions.com\/wp-content\/uploads\/2023\/03\/see-solutions-proyectos-legalizaciones.jpg","datePublished":"2023-02-27T09:28:31+00:00","dateModified":"2023-04-23T07:45:02+00:00","breadcrumb":{"@id":"https:\/\/see-solutions.com\/ca\/enginyeria\/#breadcrumb"},"inLanguage":"ca","potentialAction":[{"@type":"ReadAction","target":["https:\/\/see-solutions.com\/ca\/enginyeria\/"]}]},{"@type":"ImageObject","inLanguage":"ca","@id":"https:\/\/see-solutions.com\/ca\/enginyeria\/#primaryimage","url":"https:\/\/see-solutions.com\/wp-content\/uploads\/2023\/03\/see-solutions-proyectos-legalizaciones.jpg","contentUrl":"https:\/\/see-solutions.com\/wp-content\/uploads\/2023\/03\/see-solutions-proyectos-legalizaciones.jpg","width":1600,"height":1200,"caption":"Ingenier\u00eda - Servicios de Ingenier\u00eda"},{"@type":"BreadcrumbList","@id":"https:\/\/see-solutions.com\/ca\/enginyeria\/#breadcrumb","itemListElement":[{"@type":"ListItem","position":1,"name":"Home","item":"https:\/\/see-solutions.com\/ca\/"},{"@type":"ListItem","position":2,"name":"Enginyeria"}]},{"@type":"WebSite","@id":"https:\/\/see-solutions.com\/#website","url":"https:\/\/see-solutions.com\/","name":"See Solutions","description":"","publisher":{"@id":"https:\/\/see-solutions.com\/#organization"},"potentialAction":[{"@type":"SearchAction","target":{"@type":"EntryPoint","urlTemplate":"https:\/\/see-solutions.com\/?s={search_term_string}"},"query-input":{"@type":"PropertyValueSpecification","valueRequired":true,"valueName":"search_term_string"}}],"inLanguage":"ca"},{"@type":"Organization","@id":"https:\/\/see-solutions.com\/#organization","name":"See Solutions","url":"https:\/\/see-solutions.com\/","logo":{"@type":"ImageObject","inLanguage":"ca","@id":"https:\/\/see-solutions.com\/#\/schema\/logo\/image\/","url":"https:\/\/see-solutions.com\/wp-content\/uploads\/2023\/01\/LOGO-SEESOLUTIONS-10-anys-1.jpg","contentUrl":"https:\/\/see-solutions.com\/wp-content\/uploads\/2023\/01\/LOGO-SEESOLUTIONS-10-anys-1.jpg","width":2274,"height":1708,"caption":"See Solutions"},"image":{"@id":"https:\/\/see-solutions.com\/#\/schema\/logo\/image\/"}}]}},"_links":{"self":[{"href":"https:\/\/see-solutions.com\/ca\/wp-json\/wp\/v2\/pages\/381","targetHints":{"allow":["GET"]}}],"collection":[{"href":"https:\/\/see-solutions.com\/ca\/wp-json\/wp\/v2\/pages"}],"about":[{"href":"https:\/\/see-solutions.com\/ca\/wp-json\/wp\/v2\/types\/page"}],"author":[{"embeddable":true,"href":"https:\/\/see-solutions.com\/ca\/wp-json\/wp\/v2\/users\/1"}],"replies":[{"embeddable":true,"href":"https:\/\/see-solutions.com\/ca\/wp-json\/wp\/v2\/comments?post=381"}],"version-history":[{"count":3,"href":"https:\/\/see-solutions.com\/ca\/wp-json\/wp\/v2\/pages\/381\/revisions"}],"predecessor-version":[{"id":402,"href":"https:\/\/see-solutions.com\/ca\/wp-json\/wp\/v2\/pages\/381\/revisions\/402"}],"wp:featuredmedia":[{"embeddable":true,"href":"https:\/\/see-solutions.com\/ca\/wp-json\/wp\/v2\/media\/348"}],"wp:attachment":[{"href":"https:\/\/see-solutions.com\/ca\/wp-json\/wp\/v2\/media?parent=381"}],"curies":[{"name":"wp","href":"https:\/\/api.w.org\/{rel}","templated":true}]}}