{"id":407,"date":"2020-09-01T07:34:25","date_gmt":"2020-09-01T07:34:25","guid":{"rendered":"https:\/\/see-solutions.com\/avisos-legales\/"},"modified":"2023-04-23T07:45:00","modified_gmt":"2023-04-23T07:45:00","slug":"avisos-legales","status":"publish","type":"page","link":"https:\/\/see-solutions.com\/ca\/avisos-legales\/","title":{"rendered":"Avisos legales"},"content":{"rendered":"<h1>AV\u00cdS LEGAL<\/h1>\n<p>De conformitat amb la Llei 34\/2002, de Serveis de la Societat de la Informaci\u00f3 i de Comer\u00e7 Electr\u00f2nic, l&#8217;informem que aquest web \u00e9s titularitat de Engineering, Energy &amp; Safety Solutions, SL, (en endavant \u201cEL TITULAR\u201d), amb CIF B65880940, domicili a c\/ Anselm Clav\u00e9 56, 1-1 de Granollers (08401); tel\u00e8fon 938465508; correu electr\u00f2nic informacio@grup-see.com.<\/p>\n<h2 class=\"title5 titol text-uppercase\">PROPIETAT INTEL\u00b7LECTUAL I INDUSTRIAL<\/h2>\n<p>Els continguts d&#8217;aquest lloc, incloent-hi els textos, imatges i dissenys gr\u00e0fics, pertanyen a EL TITULAR, o a tercers que han autoritzat el seu \u00fas. EL TITULAR presenta aquests continguts amb finalitats d&#8217;informaci\u00f3 i promoci\u00f3. EL TITULAR autoritza la seva utilitzaci\u00f3 exclusivament amb aquestes finalitats. Qualsevol utilitzaci\u00f3 d&#8217;aquests dissenys, imatges o textos haur\u00e0 de citar expressament la seva pertinen\u00e7a a EL TITULAR, qui es reserva el dret a iniciar les accions legals oportunes per reparar els danys i perjudicis causats per qualsevol acte que vulneri els seus drets de propietat intel\u00b7lectual o industrial.<\/p>\n<h2 class=\"title5 titol text-uppercase\">EXCLUSI\u00d3 DE RESPONSABILITAT<\/h2>\n<p>EL TITULAR actua amb la m\u00e0xima dilig\u00e8ncia possible perqu\u00e8 les dades i la informaci\u00f3 que ofereix al seu lloc web estigui actualitzada en tot moment, si b\u00e9 no garanteix ni es fa responsable de l&#8217;exactitud i actualitzaci\u00f3 dels continguts del lloc web, reservant-se el dret a modificar aquests continguts en qualsevol moment. EL TITULAR tampoc ser\u00e0 responsable de la informaci\u00f3 que es pot obtenir a trav\u00e9s d&#8217;enlla\u00e7os inclosos en el lloc web.<\/p>\n<p>Les relacions comercials amb els clients es regiran per les condicions generals que, si escau, s&#8217;estableixin per EL TITULAR en un document espec\u00edfic a aquest efecte, o pels pactes concrets que es puguin acordar amb els clients.<\/p>\n<h2 class=\"title5 titol text-uppercase\">CONDICIONS D&#8217;\u00daS<\/h2>\n<p>L&#8217;\u00fas d&#8217;aquest lloc web implica l&#8217;acceptaci\u00f3 plena dels termes del present av\u00eds legal. Els possibles conflictes relatius a aquest web es regiran exclusivament pel dret de l&#8217;Estat Espanyol. Tota persona usu\u00e0ria del web, independentment de la jurisdicci\u00f3 territorial des de la qual es produeixi el seu acc\u00e9s, accepta el compliment i respecte d&#8217;aquestes cl\u00e0usules amb ren\u00fancia expressa a qualsevol altre fur que pogu\u00e9s correspondre-li.<\/p>\n","protected":false},"excerpt":{"rendered":"<p>AV\u00cdS LEGAL De conformitat amb la Llei 34\/2002, de Serveis de la Societat de la Informaci\u00f3 i de Comer\u00e7 Electr\u00f2nic, l&#8217;informem que aquest web \u00e9s titularitat de Engineering, Energy &amp; Safety Solutions, SL, (en endavant \u201cEL TITULAR\u201d), amb CIF B65880940, domicili a c\/ Anselm Clav\u00e9 56, 1-1 de Granollers (08401); tel\u00e8fon 938465508; correu electr\u00f2nic informacio@grup-see.com.&hellip;<\/p>\n","protected":false},"author":1,"featured_media":0,"parent":0,"menu_order":0,"comment_status":"closed","ping_status":"closed","template":"","meta":{"footnotes":""},"class_list":["post-407","page","type-page","status-publish","hentry","entry","no-media"],"yoast_head":"<!-- This site is optimized with the Yoast SEO plugin v26.8 - https:\/\/yoast.com\/product\/yoast-seo-wordpress\/ -->\n<title>Avisos legales - See Solutions<\/title>\n<meta name=\"robots\" content=\"index, follow, max-snippet:-1, max-image-preview:large, max-video-preview:-1\" \/>\n<link rel=\"canonical\" href=\"https:\/\/see-solutions.com\/ca\/avisos-legales\/\" \/>\n<meta property=\"og:locale\" content=\"ca_ES\" \/>\n<meta property=\"og:type\" content=\"article\" \/>\n<meta property=\"og:title\" content=\"Avisos legales - See Solutions\" \/>\n<meta property=\"og:description\" content=\"AV\u00cdS LEGAL De conformitat amb la Llei 34\/2002, de Serveis de la Societat de la Informaci\u00f3 i de Comer\u00e7 Electr\u00f2nic, l&#8217;informem que aquest web \u00e9s titularitat de Engineering, Energy &amp; Safety Solutions, SL, (en endavant \u201cEL TITULAR\u201d), amb CIF B65880940, domicili a c\/ Anselm Clav\u00e9 56, 1-1 de Granollers (08401); tel\u00e8fon 938465508; correu electr\u00f2nic informacio@grup-see.com.&hellip;\" \/>\n<meta property=\"og:url\" content=\"https:\/\/see-solutions.com\/ca\/avisos-legales\/\" \/>\n<meta property=\"og:site_name\" content=\"See Solutions\" \/>\n<meta property=\"article:modified_time\" content=\"2023-04-23T07:45:00+00:00\" \/>\n<meta name=\"twitter:card\" content=\"summary_large_image\" \/>\n<meta name=\"twitter:label1\" content=\"Temps estimat de lectura\" \/>\n\t<meta name=\"twitter:data1\" content=\"2 minuts\" \/>\n<script type=\"application\/ld+json\" class=\"yoast-schema-graph\">{\"@context\":\"https:\/\/schema.org\",\"@graph\":[{\"@type\":\"WebPage\",\"@id\":\"https:\/\/see-solutions.com\/ca\/avisos-legales\/\",\"url\":\"https:\/\/see-solutions.com\/ca\/avisos-legales\/\",\"name\":\"Avisos legales - See Solutions\",\"isPartOf\":{\"@id\":\"https:\/\/see-solutions.com\/#website\"},\"datePublished\":\"2020-09-01T07:34:25+00:00\",\"dateModified\":\"2023-04-23T07:45:00+00:00\",\"breadcrumb\":{\"@id\":\"https:\/\/see-solutions.com\/ca\/avisos-legales\/#breadcrumb\"},\"inLanguage\":\"ca\",\"potentialAction\":[{\"@type\":\"ReadAction\",\"target\":[\"https:\/\/see-solutions.com\/ca\/avisos-legales\/\"]}]},{\"@type\":\"BreadcrumbList\",\"@id\":\"https:\/\/see-solutions.com\/ca\/avisos-legales\/#breadcrumb\",\"itemListElement\":[{\"@type\":\"ListItem\",\"position\":1,\"name\":\"Home\",\"item\":\"https:\/\/see-solutions.com\/ca\/\"},{\"@type\":\"ListItem\",\"position\":2,\"name\":\"Avisos legales\"}]},{\"@type\":\"WebSite\",\"@id\":\"https:\/\/see-solutions.com\/#website\",\"url\":\"https:\/\/see-solutions.com\/\",\"name\":\"See Solutions\",\"description\":\"\",\"publisher\":{\"@id\":\"https:\/\/see-solutions.com\/#organization\"},\"potentialAction\":[{\"@type\":\"SearchAction\",\"target\":{\"@type\":\"EntryPoint\",\"urlTemplate\":\"https:\/\/see-solutions.com\/?s={search_term_string}\"},\"query-input\":{\"@type\":\"PropertyValueSpecification\",\"valueRequired\":true,\"valueName\":\"search_term_string\"}}],\"inLanguage\":\"ca\"},{\"@type\":\"Organization\",\"@id\":\"https:\/\/see-solutions.com\/#organization\",\"name\":\"See Solutions\",\"url\":\"https:\/\/see-solutions.com\/\",\"logo\":{\"@type\":\"ImageObject\",\"inLanguage\":\"ca\",\"@id\":\"https:\/\/see-solutions.com\/#\/schema\/logo\/image\/\",\"url\":\"https:\/\/see-solutions.com\/wp-content\/uploads\/2023\/01\/LOGO-SEESOLUTIONS-10-anys-1.jpg\",\"contentUrl\":\"https:\/\/see-solutions.com\/wp-content\/uploads\/2023\/01\/LOGO-SEESOLUTIONS-10-anys-1.jpg\",\"width\":2274,\"height\":1708,\"caption\":\"See Solutions\"},\"image\":{\"@id\":\"https:\/\/see-solutions.com\/#\/schema\/logo\/image\/\"}}]}<\/script>\n<!-- \/ Yoast SEO plugin. -->","yoast_head_json":{"title":"Avisos legales - See Solutions","robots":{"index":"index","follow":"follow","max-snippet":"max-snippet:-1","max-image-preview":"max-image-preview:large","max-video-preview":"max-video-preview:-1"},"canonical":"https:\/\/see-solutions.com\/ca\/avisos-legales\/","og_locale":"ca_ES","og_type":"article","og_title":"Avisos legales - See Solutions","og_description":"AV\u00cdS LEGAL De conformitat amb la Llei 34\/2002, de Serveis de la Societat de la Informaci\u00f3 i de Comer\u00e7 Electr\u00f2nic, l&#8217;informem que aquest web \u00e9s titularitat de Engineering, Energy &amp; Safety Solutions, SL, (en endavant \u201cEL TITULAR\u201d), amb CIF B65880940, domicili a c\/ Anselm Clav\u00e9 56, 1-1 de Granollers (08401); tel\u00e8fon 938465508; correu electr\u00f2nic informacio@grup-see.com.&hellip;","og_url":"https:\/\/see-solutions.com\/ca\/avisos-legales\/","og_site_name":"See Solutions","article_modified_time":"2023-04-23T07:45:00+00:00","twitter_card":"summary_large_image","twitter_misc":{"Temps estimat de lectura":"2 minuts"},"schema":{"@context":"https:\/\/schema.org","@graph":[{"@type":"WebPage","@id":"https:\/\/see-solutions.com\/ca\/avisos-legales\/","url":"https:\/\/see-solutions.com\/ca\/avisos-legales\/","name":"Avisos legales - See Solutions","isPartOf":{"@id":"https:\/\/see-solutions.com\/#website"},"datePublished":"2020-09-01T07:34:25+00:00","dateModified":"2023-04-23T07:45:00+00:00","breadcrumb":{"@id":"https:\/\/see-solutions.com\/ca\/avisos-legales\/#breadcrumb"},"inLanguage":"ca","potentialAction":[{"@type":"ReadAction","target":["https:\/\/see-solutions.com\/ca\/avisos-legales\/"]}]},{"@type":"BreadcrumbList","@id":"https:\/\/see-solutions.com\/ca\/avisos-legales\/#breadcrumb","itemListElement":[{"@type":"ListItem","position":1,"name":"Home","item":"https:\/\/see-solutions.com\/ca\/"},{"@type":"ListItem","position":2,"name":"Avisos legales"}]},{"@type":"WebSite","@id":"https:\/\/see-solutions.com\/#website","url":"https:\/\/see-solutions.com\/","name":"See Solutions","description":"","publisher":{"@id":"https:\/\/see-solutions.com\/#organization"},"potentialAction":[{"@type":"SearchAction","target":{"@type":"EntryPoint","urlTemplate":"https:\/\/see-solutions.com\/?s={search_term_string}"},"query-input":{"@type":"PropertyValueSpecification","valueRequired":true,"valueName":"search_term_string"}}],"inLanguage":"ca"},{"@type":"Organization","@id":"https:\/\/see-solutions.com\/#organization","name":"See Solutions","url":"https:\/\/see-solutions.com\/","logo":{"@type":"ImageObject","inLanguage":"ca","@id":"https:\/\/see-solutions.com\/#\/schema\/logo\/image\/","url":"https:\/\/see-solutions.com\/wp-content\/uploads\/2023\/01\/LOGO-SEESOLUTIONS-10-anys-1.jpg","contentUrl":"https:\/\/see-solutions.com\/wp-content\/uploads\/2023\/01\/LOGO-SEESOLUTIONS-10-anys-1.jpg","width":2274,"height":1708,"caption":"See Solutions"},"image":{"@id":"https:\/\/see-solutions.com\/#\/schema\/logo\/image\/"}}]}},"_links":{"self":[{"href":"https:\/\/see-solutions.com\/ca\/wp-json\/wp\/v2\/pages\/407","targetHints":{"allow":["GET"]}}],"collection":[{"href":"https:\/\/see-solutions.com\/ca\/wp-json\/wp\/v2\/pages"}],"about":[{"href":"https:\/\/see-solutions.com\/ca\/wp-json\/wp\/v2\/types\/page"}],"author":[{"embeddable":true,"href":"https:\/\/see-solutions.com\/ca\/wp-json\/wp\/v2\/users\/1"}],"replies":[{"embeddable":true,"href":"https:\/\/see-solutions.com\/ca\/wp-json\/wp\/v2\/comments?post=407"}],"version-history":[{"count":1,"href":"https:\/\/see-solutions.com\/ca\/wp-json\/wp\/v2\/pages\/407\/revisions"}],"predecessor-version":[{"id":411,"href":"https:\/\/see-solutions.com\/ca\/wp-json\/wp\/v2\/pages\/407\/revisions\/411"}],"wp:attachment":[{"href":"https:\/\/see-solutions.com\/ca\/wp-json\/wp\/v2\/media?parent=407"}],"curies":[{"name":"wp","href":"https:\/\/api.w.org\/{rel}","templated":true}]}}